{"id":115,"date":"2025-10-09T17:59:39","date_gmt":"2025-10-09T15:59:39","guid":{"rendered":"https:\/\/missionsaintluc.fr\/?page_id=115"},"modified":"2025-10-09T18:02:59","modified_gmt":"2025-10-09T16:02:59","slug":"annee-de-mission","status":"publish","type":"page","link":"https:\/\/missionsaintluc.fr\/?page_id=115","title":{"rendered":"Ann\u00e9e de mission"},"content":{"rendered":"\n<figure class=\"wp-block-video\"><video height=\"1080\" style=\"aspect-ratio: 1920 \/ 1080;\" width=\"1920\" controls src=\"http:\/\/missionsaintluc.fr\/wp-content\/uploads\/2025\/10\/W5Y8zIHJRR2XHWhic288__VideocommissionnairesVideo-v.mp4\"><\/video><\/figure>\n\n\n\n<h2 class=\"wp-block-heading\">Vie en communaut\u00e9<\/h2>\n\n\n\n<h3 class=\"wp-block-heading\">Des jeunes au service de la Mission<\/h3>\n\n\n\n<p>Chaque ann\u00e9e, trois \u00e0 cinq jeunes volontaires \u00e2g\u00e9s de&nbsp;<strong>18 \u00e0 25 ans<\/strong>&nbsp;s\u2019engagent pour une dur\u00e9e allant d\u2019un&nbsp;<strong>mois \u00e0 un an<\/strong>&nbsp;au service de la Mission Saint Luc.<br>Ils choisissent de donner de leur temps, de leur \u00e9nergie et de leur c\u0153ur pour se mettre au service des plus pauvres et faire grandir la joie de l\u2019\u00c9vangile.<\/p>\n\n\n\n<p><strong>Et toi, seras-tu le prochain ?<\/strong><\/p>\n\n\n\n<hr class=\"wp-block-separator has-alpha-channel-opacity\"\/>\n\n\n\n<h2 class=\"wp-block-heading\">Service aupr\u00e8s des plus pauvres<\/h2>\n\n\n\n<p>Le c\u0153ur de la Mission, c\u2019est le&nbsp;<strong>service des plus d\u00e9munis<\/strong>.<\/p>\n\n\n\n<p>Chaque&nbsp;<strong>jeudi soir<\/strong>, les volontaires participent aux&nbsp;<strong>maraudes<\/strong>, suivies d\u2019un&nbsp;<strong>repas partag\u00e9<\/strong>&nbsp;avec nos amis de la rue.<br>Trois fois par semaine, ils se rendent dans le&nbsp;<strong>quartier HLM de Bellevue<\/strong>&nbsp;: jeux avec les enfants, visites de familles, aide aux devoirs\u2026<br>Ces moments simples et fraternels deviennent des&nbsp;<strong>lieux de rencontre et de compassion<\/strong>, o\u00f9 se vit concr\u00e8tement l\u2019amour de Dieu.<\/p>\n\n\n\n<p>Les volontaires sont une&nbsp;<strong>pr\u00e9sence joyeuse et bienveillante<\/strong>, porteurs d\u2019esp\u00e9rance aupr\u00e8s de tous.<\/p>\n\n\n\n<hr class=\"wp-block-separator has-alpha-channel-opacity\"\/>\n\n\n\n<h2 class=\"wp-block-heading\">Vie de pri\u00e8re<\/h2>\n\n\n\n<p>La vie communautaire est profond\u00e9ment enracin\u00e9e dans la&nbsp;<strong>pri\u00e8re quotidienne<\/strong>&nbsp;:<\/p>\n\n\n\n<ul class=\"wp-block-list\">\n<li>Laudes<\/li>\n\n\n\n<li>Messe<\/li>\n\n\n\n<li>Chapelet<\/li>\n\n\n\n<li>Adoration<\/li>\n<\/ul>\n\n\n\n<p>Chaque volontaire b\u00e9n\u00e9ficie \u00e9galement d\u2019un&nbsp;<strong>accompagnement spirituel personnalis\u00e9<\/strong>.<br>Pour se ressourcer, la communaut\u00e9 vit un&nbsp;<strong>temps de d\u00e9sert hebdomadaire<\/strong>&nbsp;et une&nbsp;<strong>retraite annuelle<\/strong>.<\/p>\n\n\n\n<p>Ces temps de pri\u00e8re nourrissent int\u00e9rieurement les missionnaires et leur donnent la force de vivre pleinement la mission confi\u00e9e.<\/p>\n\n\n\n<hr class=\"wp-block-separator has-alpha-channel-opacity\"\/>\n\n\n\n<h2 class=\"wp-block-heading\">Formation<\/h2>\n\n\n\n<p>Les volontaires suivent chaque semaine&nbsp;<strong>5 heures de formation<\/strong>&nbsp;en th\u00e9ologie, anthropologie et mission.<br>Cette ann\u00e9e de service est aussi un&nbsp;<strong>temps de discernement personnel et professionnel<\/strong>, pour r\u00e9fl\u00e9chir \u00e0 son avenir \u00e0 la lumi\u00e8re de la foi.<\/p>\n\n\n\n<p>La formation s\u2019enracine dans une vision int\u00e9grale de la personne, prenant soin du&nbsp;<strong>c\u0153ur, du corps et de l\u2019esprit<\/strong>.<\/p>\n\n\n\n<hr class=\"wp-block-separator has-alpha-channel-opacity\"\/>\n\n\n\n<h2 class=\"wp-block-heading\">Activit\u00e9s aupr\u00e8s des jeunes<\/h2>\n\n\n\n<p>La&nbsp;<strong>Maison Saint Luc<\/strong>&nbsp;est avant tout une&nbsp;<strong>maison de jeunes<\/strong>&nbsp;!<br>\u00catre volontaire, c\u2019est aussi participer \u00e0 la vie dynamique de ce lieu :<br>accueillir, animer, accompagner et proposer de nouvelles activit\u00e9s pour les&nbsp;<strong>coll\u00e9giens, lyc\u00e9ens et \u00e9tudiants<\/strong>&nbsp;qui passent \u00e0 la maison.<\/p>\n\n\n\n<p>Moments conviviaux, temps de pri\u00e8re, jeux, sorties ou partages de foi\u2026<br>Les volontaires contribuent \u00e0 faire de Saint Luc une&nbsp;<strong>maison chaleureuse, vivante et fraternelle<\/strong>, o\u00f9 chacun peut grandir dans sa relation au Christ.<\/p>\n","protected":false},"excerpt":{"rendered":"<p>Vie en communaut\u00e9 Des jeunes au service de la Mission Chaque ann\u00e9e, trois \u00e0 cinq jeunes volontaires \u00e2g\u00e9s de&nbsp;18 \u00e0 25 ans&nbsp;s\u2019engagent pour une dur\u00e9e allant d\u2019un&nbsp;mois \u00e0 un an&nbsp;au service de la Mission Saint Luc.Ils choisissent de donner de leur temps, de leur \u00e9nergie et de leur c\u0153ur pour [&hellip;]<\/p>\n","protected":false},"author":1,"featured_media":0,"parent":0,"menu_order":0,"comment_status":"closed","ping_status":"closed","template":"","meta":{"footnotes":""},"class_list":["post-115","page","type-page","status-publish","hentry"],"_links":{"self":[{"href":"https:\/\/missionsaintluc.fr\/index.php?rest_route=\/wp\/v2\/pages\/115","targetHints":{"allow":["GET"]}}],"collection":[{"href":"https:\/\/missionsaintluc.fr\/index.php?rest_route=\/wp\/v2\/pages"}],"about":[{"href":"https:\/\/missionsaintluc.fr\/index.php?rest_route=\/wp\/v2\/types\/page"}],"author":[{"embeddable":true,"href":"https:\/\/missionsaintluc.fr\/index.php?rest_route=\/wp\/v2\/users\/1"}],"replies":[{"embeddable":true,"href":"https:\/\/missionsaintluc.fr\/index.php?rest_route=%2Fwp%2Fv2%2Fcomments&post=115"}],"version-history":[{"count":3,"href":"https:\/\/missionsaintluc.fr\/index.php?rest_route=\/wp\/v2\/pages\/115\/revisions"}],"predecessor-version":[{"id":120,"href":"https:\/\/missionsaintluc.fr\/index.php?rest_route=\/wp\/v2\/pages\/115\/revisions\/120"}],"wp:attachment":[{"href":"https:\/\/missionsaintluc.fr\/index.php?rest_route=%2Fwp%2Fv2%2Fmedia&parent=115"}],"curies":[{"name":"wp","href":"https:\/\/api.w.org\/{rel}","templated":true}]}}